{"id":7720,"date":"2026-03-29T13:09:42","date_gmt":"2026-03-29T11:09:42","guid":{"rendered":"https:\/\/biblio.ensta.edu.dz\/?page_id=7720"},"modified":"2026-04-28T08:26:30","modified_gmt":"2026-04-28T06:26:30","slug":"documents-a-telecharger","status":"publish","type":"page","link":"https:\/\/biblio.ensta.edu.dz\/?page_id=7720","title":{"rendered":"Documents \u00e0 T\u00e9l\u00e9charger"},"content":{"rendered":"","protected":false},"excerpt":{"rendered":"","protected":false},"author":1,"featured_media":0,"parent":0,"menu_order":0,"comment_status":"closed","ping_status":"closed","template":"","meta":{"footnotes":""},"class_list":["post-7720","page","type-page","status-publish","hentry"],"_links":{"self":[{"href":"https:\/\/biblio.ensta.edu.dz\/index.php?rest_route=\/wp\/v2\/pages\/7720","targetHints":{"allow":["GET"]}}],"collection":[{"href":"https:\/\/biblio.ensta.edu.dz\/index.php?rest_route=\/wp\/v2\/pages"}],"about":[{"href":"https:\/\/biblio.ensta.edu.dz\/index.php?rest_route=\/wp\/v2\/types\/page"}],"author":[{"embeddable":true,"href":"https:\/\/biblio.ensta.edu.dz\/index.php?rest_route=\/wp\/v2\/users\/1"}],"replies":[{"embeddable":true,"href":"https:\/\/biblio.ensta.edu.dz\/index.php?rest_route=%2Fwp%2Fv2%2Fcomments&post=7720"}],"version-history":[{"count":5,"href":"https:\/\/biblio.ensta.edu.dz\/index.php?rest_route=\/wp\/v2\/pages\/7720\/revisions"}],"predecessor-version":[{"id":7807,"href":"https:\/\/biblio.ensta.edu.dz\/index.php?rest_route=\/wp\/v2\/pages\/7720\/revisions\/7807"}],"wp:attachment":[{"href":"https:\/\/biblio.ensta.edu.dz\/index.php?rest_route=%2Fwp%2Fv2%2Fmedia&parent=7720"}],"curies":[{"name":"wp","href":"https:\/\/api.w.org\/{rel}","templated":true}]}}